{"id":29403,"date":"2023-04-14T14:53:51","date_gmt":"2023-04-14T12:53:51","guid":{"rendered":"https:\/\/shop.mutuamadridopen.com\/aviso-legal\/"},"modified":"2024-04-21T16:08:04","modified_gmt":"2024-04-21T14:08:04","slug":"legal-notice","status":"publish","type":"page","link":"https:\/\/shop.mutuamadridopen.com\/en\/legal-notice\/","title":{"rendered":"Privacy policy"},"content":{"rendered":"\t\t<div data-elementor-type=\"wp-page\" data-elementor-id=\"29403\" class=\"elementor elementor-29403 elementor-17456\" data-elementor-post-type=\"page\">\n\t\t\t\t\t\t<section class=\"elementor-section elementor-top-section elementor-element elementor-element-503ba3a elementor-section-content-middle elementor-section-stretched elementor-reverse-mobile elementor-section-boxed elementor-section-height-default elementor-section-height-default\" data-id=\"503ba3a\" data-element_type=\"section\" data-e-type=\"section\" data-settings=\"{&quot;stretch_section&quot;:&quot;section-stretched&quot;}\">\n\t\t\t\t\t\t<div class=\"elementor-container elementor-column-gap-wide\">\n\t\t\t\t\t<div class=\"elementor-column elementor-col-100 elementor-top-column elementor-element elementor-element-26f291d\" data-id=\"26f291d\" data-element_type=\"column\" data-e-type=\"column\">\n\t\t\t<div class=\"elementor-widget-wrap elementor-element-populated\">\n\t\t\t\t\t\t<div class=\"elementor-element elementor-element-74ade99 elementor-widget elementor-widget-heading\" data-id=\"74ade99\" data-element_type=\"widget\" data-e-type=\"widget\" data-widget_type=\"heading.default\">\n\t\t\t\t<div class=\"elementor-widget-container\">\n\t\t\t\t\t<h2 class=\"elementor-heading-title elementor-size-default\">Pol\u00edtica de privacidad<\/h2>\t\t\t\t<\/div>\n\t\t\t\t<\/div>\n\t\t\t\t<div class=\"elementor-element elementor-element-8b14473 elementor-widget__width-initial elementor-widget elementor-widget-text-editor\" data-id=\"8b14473\" data-element_type=\"widget\" data-e-type=\"widget\" data-widget_type=\"text-editor.default\">\n\t\t\t\t<div class=\"elementor-widget-container\">\n\t\t\t\t\t\t\t\t\t<p>La presente Pol\u00edtica de Privacidad le informa sobre el tratamiento que de sus datos personales realiza <strong><b>MADRID TROPHY PROMOTION, S.L<\/b><\/strong>.<strong>U.,<\/strong>\u00a0con NIF B62702204 y domicilio social en Camino de Perales s\/n, planta 1, C.P. 28041 MADRID (en adelante, <strong><b>MTP<\/b><\/strong>), como responsable del tratamiento de conformidad con el Reglamento General de Protecci\u00f3n de Datos y la Ley Org\u00e1nica 3\/2018, de 5 de diciembre, de Protecci\u00f3n de Datos Personales y garant\u00eda de los derechos digitales.<\/p><p>Si desea m\u00e1s informaci\u00f3n sobre el tratamiento de sus datos personales o tiene alguna pregunta sobre esta Pol\u00edtica de Privacidad, puede remitirnos su consulta a <a href=\"mailto:RGPD@madrid-open.com\"><u>RGPD@madrid-open.com<\/u><\/a>.<\/p><p><b><\/b><strong><u><b>1- \u00bfCon qu\u00e9 finalidad tratamos sus datos personales y por qu\u00e9?<\/b><\/u><\/strong><\/p><p>MTP trata sus datos personales con las siguientes finalidades:<\/p><ul><li><strong>Para gestionar la compra de entradas a eventos MTP<\/strong>, procesar pagos de manera segura, enviar confirmaci\u00f3n de compras, as\u00ed como recordatorios de eventos contratados y brindar atenci\u00f3n al cliente y servicios posventa. Este tratamiento se basa en la ejecuci\u00f3n del contrato que suscriba con nosotros.<\/li><\/ul><ul><li><strong>Para gestionar su asistencia al evento contratado<\/strong>, permitir un acceso ordenado y seguro a las instalaciones, la asignaci\u00f3n de asientos o avisarle de alguna circunstancia imprevista o modificaci\u00f3n, en caso necesario. Este tratamiento se basa en la ejecuci\u00f3n del contrato que suscriba con nosotros. En caso de que, para gestionar su asistencia al evento sea necesario recabar informaci\u00f3n sobre necesidades especiales de accesibilidad que requiera el tratamiento de categor\u00edas especiales de datos personales, el tratamiento de tales datos se amparar\u00e1 en su consentimiento expl\u00edcito de conformidad con lo previsto en el art\u00edculo 9.2(a) del Reglamento General de Protecci\u00f3n de Datos.<\/li><\/ul><p><strong>\u00a0<\/strong><\/p><ul><li><strong>Para poder asegurar la seguridad del evento y, en su caso, la salud de sus asistentes <\/strong>dentro del \u00e1mbito previsto en la normativa vigente. Este tratamiento se basa en el cumplimiento de una obligaci\u00f3n legal, en caso de que la normativa exija determinados controles, y en el cumplimiento de una misi\u00f3n en inter\u00e9s p\u00fablico en caso de que estos controles est\u00e9n legalmente permitidos, pero no sean obligatorios.<\/li><\/ul><ul><li><strong>Para comunicarle informaci\u00f3n sobre pr\u00f3ximos eventos de MTP an\u00e1logos al contratado<\/strong>. Este tratamiento est\u00e1 basado en los intereses leg\u00edtimos comerciales de MTP. La comunicaci\u00f3n de informaci\u00f3n sobre eventos de MTP de perfil diferente al evento contratado solo se realizar\u00e1 en caso de que haya prestado su consentimiento para ello.<\/li><\/ul><ul><li><strong>Para poder enviarle informaci\u00f3n sobre productos, servicios o eventos de patrocinadores, socios de MTP o empresas del grupo IMG al que pertenece MTP. <\/strong>Este tratamiento \u00fanicamente se realizar\u00e1 en caso de que haya prestado su consentimiento para ello.<\/li><\/ul><ul><li><strong>Para poder gestionar su participaci\u00f3n voluntaria en concursos o sorteos. <\/strong>Este tratamiento \u00fanicamente se realizar\u00e1 en caso de que haya prestado su consentimiento para ello.<\/li><\/ul><ul><li><strong>Para realizar an\u00e1lisis estad\u00edsticos de las necesidades de nuestros clientes <\/strong>que nos permitan adaptar nuestros servicios a sus necesidades. Este tratamiento est\u00e1 basado en los intereses leg\u00edtimos comerciales de MTP.<\/li><\/ul><ul><li><strong>Para permitir que nuestro sitio web funcione adecuadamente, analizar el uso de nuestro sitio web, guardar sus preferencias de navegaci\u00f3n y remitirle comunicaciones personalizadas de publicidad<\/strong>. Puede consultar m\u00e1s informaci\u00f3n sobre este tratamiento en nuestra<a href=\"\/politica-de-cookies\/\"><u>Pol\u00edtica de Cookies<\/u><\/a><strong>.<\/strong><b><\/b><\/li><\/ul><p>\u00a0<\/p><p>\u00a0<\/p><p><strong><u><b>2- \u00bfQu\u00e9 datos personales tratamos y de d\u00f3nde los obtenemos?<\/b><\/u><\/strong><\/p><p>Con car\u00e1cter general, obtenemos sus datos personales directamente de Usted, por ejemplo, cuando cumplimenta un formulario de compra. Ahora bien, en determinados supuestos, los obtenemos de terceros, como cuando utiliza canales de venta gestionados por terceros para comprar sus entradas.<\/p><p>Las categor\u00edas de datos personales de tratamos son las siguientes:<\/p><ul><li><strong>Datos identificativos <\/strong>(nombre y apellidos) y n\u00famero de documento identificativo, que tratamos, por ejemplo, para gestionar la compra de sus entradas a eventos MTP.<\/li><li><strong>Datos de contacto\u00a0 <\/strong>(correo electr\u00f3nico, direcci\u00f3n postal, tel\u00e9fono), que tratamos, por ejemplo, para poder gestionar la compra de sus entradas.<\/li><li><strong>Datos bancarios <\/strong>necesarios para gestionar el pago de las entradas contratadas.<\/li><li><strong>Datos tecnol\u00f3gicos <\/strong>de su navegador y su dispositivo (direcci\u00f3n IP, h\u00e1bitos de navegaci\u00f3n), que tratamos para personalizar nuestro sitio web o analizar su uso. Puede encontrar m\u00e1s informaci\u00f3n sobre este tratamiento en nuestra<strong>\u00a0<\/strong><a href=\"\/politica-de-cookies\/\"><u>Pol\u00edtica de Cookies<\/u><\/a><u>.<\/u><\/li><li><strong>Datos relativos a necesidades especiales <\/strong><strong>de accesibilidad<\/strong>\u00a0necesarios para asignarle localidades que le permitan asistir al evento contratado.<\/li><\/ul><p><b><\/b><strong><u><b>3- \u00bfA qu\u00e9 destinatarios se comunican sus datos personales?<\/b><\/u><\/strong><\/p><p>Con car\u00e1cter general, los datos personales que tratamos solo son comunicados a terceros en cumplimiento de una obligaci\u00f3n legal, por ejemplo, a autoridades p\u00fablicas, tales como las fuerzas y cuerpos de seguridad del Estado o a Jueces y Tribunales competentes.<\/p><p>Ahora bien, sus datos personales pueden ser comunicados a terceros en los supuestos en que tal comunicaci\u00f3n est\u00e9 debidamente legitimada de conformidad al Reglamento General de Protecci\u00f3n de Datos. Por ejemplo, MTP puede comunicar sus datos personales a patrocinadores, socios y empresas del grupo IGM en caso de que Usted haya prestado su consentimiento para ello.<\/p><p>Asimismo, podr\u00e1n tener acceso a sus datos personales aquellos proveedores que para prestar un servicio a MTP tienen que tratan por cuenta de MTP datos personales de los que MTP es responsable como los proveedores de soporte inform\u00e1tico o facturaci\u00f3n. Estos proveedores tienen la consideraci\u00f3n de encargados del tratamiento a los efectos del art\u00edculo 28 del Reglamento General de Protecci\u00f3n de Datos.<\/p><p>Los destinatarios indicados en el presente apartado pueden encontrarse ubicados dentro o fuera del Espacio Econ\u00f3mico Europeo. En el supuesto de que un destinatario se encuentre fuera del Espacio Econ\u00f3mico Europeo, las trasferencias estar\u00e1 amparada, seg\u00fan corresponda, o bien en una decisi\u00f3n de adecuaci\u00f3n adoptada por la Comisi\u00f3n Europea de conformidad con el art\u00edculo 45 del Reglamento General de Protecci\u00f3n de Datos, o bien en una de las garant\u00edas adecuadas previstas en el art\u00edculo 46 del Reglamento General de Protecci\u00f3n de Datos, tales como las cl\u00e1usulas tipo de protecci\u00f3n de datos adoptadas por la Comisi\u00f3n Europea, o bien en una de las excepciones previstas en el art\u00edculo 49 del Reglamento General de Protecci\u00f3n de Datos. Puede solicitar m\u00e1s informaci\u00f3n esta cuesti\u00f3n remitiendo una consulta a <a href=\"mailto:RGPD@madrid-open.com\"><u>RGPD@madrid-open.com<\/u><\/a><\/p><p><b><\/b><strong><u><b>4- \u00bfC\u00f3mo protegemos sus datos personales?<\/b><\/u><\/strong><\/p><p>Sus datos personales se tratar\u00e1n, en todo momento, de manera confidencial y adoptando al efecto las medidas de \u00edndole t\u00e9cnica y organizativa necesarias para garantizar su seguridad, evitando su alteraci\u00f3n, p\u00e9rdida, tratamiento o acceso no autorizado, habida cuenta del estado de la tecnolog\u00eda, la naturaleza de los datos personales almacenados y los riesgos que puedan suponer para sus derechos y libertades.<\/p><p>Tenga en cuenta que en el supuesto de que acceda a trav\u00e9s de nuestro sitio web a sitios web o aplicaciones de terceros, MTP no se hace responsable del tratamiento que de sus datos personales pueda derivarse como consecuencia de su visita al sitio web de tercero.<\/p><p><strong><u>5- \u00bfDurante cu\u00e1nto tiempo conservamos sus datos personales?<\/u><\/strong><\/p><p>Solo conservamos sus datos el tiempo necesario para cumplir con la finalidad para la que se recabaron de conformidad al listado de finalidades incluido en el apartado 1 de esta Pol\u00edtica de Privacidad, as\u00ed como para determinar posibles responsabilidades que se pudieran derivar de las mismas y del tratamiento de estos datos o para cumplir con una obligaci\u00f3n legal (por ejemplo, tenemos que cumplir con determinadas obligaciones en materia tributaria).<\/p><p><b><\/b><strong><u><b>6- \u00bfCu\u00e1les son sus derechos con relaci\u00f3n al tratamiento de sus datos y c\u00f3mo puede ejercerlos?<\/b><\/u><\/strong><\/p><p>De conformidad con el Reglamento General de Protecci\u00f3n de Datos, tiene el derecho de acceso, rectificaci\u00f3n, supresi\u00f3n y portabilidad de sus datos personales, as\u00ed como el derecho de limitaci\u00f3n y oposici\u00f3n a su tratamiento. Asimismo, tiene derecho a retirar su consentimiento en cualquier momento cuando el tratamiento se base en el mismo y tiene el derecho a no\u00a0ser objeto de decisiones basadas \u00fanicamente en el tratamiento automatizado de sus datos. Con relaci\u00f3n a estas \u00faltimas, MTP \u00fanicamente toma decisiones basadas en tratamientos automatizados de datos personales cuando remite respuestas autom\u00e1ticas de acuse de recibo o de confirmaci\u00f3n de compra. Estas respuestas autom\u00e1ticas se env\u00edan a todos los clientes y no suponen ninguna consecuencia negativa, efecto adverso o restricci\u00f3n de derechos.<\/p><p>Para el ejercicio de tales derechos, deber\u00e1 presentar una solicitud a un <a href=\"mailto:RGPD@madrid-open.com\"><u>RGPD@madrid-open.com<\/u><\/a>\u00a0en la que deber\u00e1 acreditar debidamente su identidad e indicar qu\u00e9 derecho quiere ejercer.<\/p><p>En caso de que considere que MTP ha vulnerado alguno de los anteriores derechos, podr\u00e1 presentar directamente una reclamaci\u00f3n ante la <a href=\"https:\/\/www.aepd.es\/\" target=\"_blank\" rel=\"nofollow noopener\"><u>Agencia Espa\u00f1ola de Protecci\u00f3n de Datos<\/u><\/a>.<\/p><p><b><\/b><strong><u><b>7- \u00bfEs obligatorio que facilite sus datos personales?<\/b><\/u><\/strong><\/p><p>Los datos solicitados son, con car\u00e1cter general, obligatorios (salvo que en el campo requerido se especifique lo contrario) para cumplir con las finalidades incluidas en el apartado 1 de esta pol\u00edtica de privacidad. Por lo tanto, si no se facilitan correctamente no podr\u00e1n atenderse las mismas, sin perjuicio de que podr\u00e1 visualizar libremente el contenido del sitio web.<\/p><p><b><\/b><strong><u><b>8- \u00bfCu\u00e1l es su responsabilidad en cuanto a los datos facilitados?<\/b><\/u><\/strong><\/p><p>Cuando nos facilita sus datos personales, se responsabiliza de que estos sean veraces, exactos, completos y actualizados. En caso de que facilite datos personales de terceros, manifiesta contar con su consentimiento si fuera preceptivo y se compromete a trasladar al titular de dichos datos la informaci\u00f3n contenida en la presente Pol\u00edtica de Privacidad, eximiendo a MTP de cualquier responsabilidad en este sentido.<\/p><p><strong><u>9- Actualizaciones<\/u><\/strong><\/p><p>Esta pol\u00edtica de privacidad podr\u00e1 modificarse para actualizar la informaci\u00f3n proporcionada o si resulta necesario para cumplir con nuevas obligaciones legales o instrucciones que dicte la Agencia Espa\u00f1ola de Protecci\u00f3n de Datos. Por ello, se aconseja a los usuarios que la visiten peri\u00f3dicamente.<\/p>\t\t\t\t\t\t\t\t<\/div>\n\t\t\t\t<\/div>\n\t\t\t\t\t<\/div>\n\t\t<\/div>\n\t\t\t\t\t<\/div>\n\t\t<\/section>\n\t\t\t\t<\/div>\n\t\t","protected":false},"excerpt":{"rendered":"<p>Pol\u00edtica de privacidad La presente Pol\u00edtica de Privacidad le informa sobre el tratamiento que de sus datos personales realiza MADRID TROPHY PROMOTION, S.L.U.,\u00a0con NIF B62702204 y domicilio social en Camino de Perales s\/n, planta 1, C.P. 28041 MADRID (en adelante, MTP), como responsable del tratamiento de conformidad con el Reglamento General de Protecci\u00f3n de Datos [&hellip;]<\/p>\n","protected":false},"author":3,"featured_media":0,"parent":0,"menu_order":0,"comment_status":"closed","ping_status":"closed","template":"elementor_header_footer","meta":{"footnotes":""},"class_list":["post-29403","page","type-page","status-publish","hentry"],"_links":{"self":[{"href":"https:\/\/shop.mutuamadridopen.com\/en\/wp-json\/wp\/v2\/pages\/29403","targetHints":{"allow":["GET"]}}],"collection":[{"href":"https:\/\/shop.mutuamadridopen.com\/en\/wp-json\/wp\/v2\/pages"}],"about":[{"href":"https:\/\/shop.mutuamadridopen.com\/en\/wp-json\/wp\/v2\/types\/page"}],"author":[{"embeddable":true,"href":"https:\/\/shop.mutuamadridopen.com\/en\/wp-json\/wp\/v2\/users\/3"}],"replies":[{"embeddable":true,"href":"https:\/\/shop.mutuamadridopen.com\/en\/wp-json\/wp\/v2\/comments?post=29403"}],"version-history":[{"count":1,"href":"https:\/\/shop.mutuamadridopen.com\/en\/wp-json\/wp\/v2\/pages\/29403\/revisions"}],"predecessor-version":[{"id":29406,"href":"https:\/\/shop.mutuamadridopen.com\/en\/wp-json\/wp\/v2\/pages\/29403\/revisions\/29406"}],"wp:attachment":[{"href":"https:\/\/shop.mutuamadridopen.com\/en\/wp-json\/wp\/v2\/media?parent=29403"}],"curies":[{"name":"wp","href":"https:\/\/api.w.org\/{rel}","templated":true}]}}